{"id":2314,"date":"2020-10-26T11:14:15","date_gmt":"2020-10-26T11:14:15","guid":{"rendered":"http:\/\/reinventa.digital.cv\/site\/wordpress\/?page_id=2314"},"modified":"2020-11-03T12:12:59","modified_gmt":"2020-11-03T12:12:59","slug":"turismo","status":"publish","type":"page","link":"http:\/\/reinventa.digital.cv\/site\/wordpress\/en\/turismo\/","title":{"rendered":"Turism"},"content":{"rendered":"<p>[vc_row][vc_column width=&#8221;1\/2&#8243;]<div  class=\"tt-title\"><div class=\"tt-title-cat\"><\/div><h2 class=\"c-h2\"><small>O Projeto - Re!nventa<\/small><\/h2><\/div><div  class=\"empty-space  marg-lg-b30\"><\/div>[vc_single_image image=&#8221;2125&#8243; img_size=&#8221;large&#8221; style=&#8221;vc_box_shadow&#8221;]<div class=\"text-block\" ><div class=\"simple-text size-3\"><p style=\"text-align: justify;\"><strong>Cabo Verde<\/strong><\/p>\n<p style=\"text-align: justify;\">Travel restrictions due to the Covid-19 pandemic have decimated the tourism industry worldwide, and the Cape Verde archipelago could not be an exception, aggravated by the dependence of the national economy on this sector, which represents a direct contribution of 25% of GDP and an indirect contribution of 46.2%.<\/p>\n<p style=\"text-align: justify;\">Tourism revenues, which in 2019 yielded a historic maximum of 43,103 million escudos (389 million euros), are expected to decline in this year 2020 to 2005 levels and lead to the loss of more than 550,000 tourists, according to official data of the Government of Cape Verde.<\/p>\n<p style=\"text-align: justify;\">This is a 70% drop, due to the pandemic that led to the closure of the borders eight months ago, pointing to a demand of just over 300 thousand tourists this year.<\/p>\n<p style=\"text-align: justify;\">The socio-economic effects of COVID 19 and the challenges that this health crisis poses to the Tourism sector and beyond, in the World and in Cape Verde, it has become urgent and fundamental to reinvent practices and to create innovative and disruptive digital solutions that respond to the challenges of this new normality .<\/p>\n<p style=\"text-align: justify;\">In this context, the General Directorate of Tourism and Transport and the Social Sustainability Fund for Tourism, representing the Ministry of Tourism and Transport in partnership with Cabo Verde Digital and the UNDP Accelerator LAB, launch the challenge <strong>\u201cRe!nventa &lt;V Turismo&gt;\u201d<\/strong> civil society and the whole community.<\/p>\n<p style=\"text-align: justify;\">De modo a promover e dinamizar uma <strong>cultura empreendedora virada para a inova\u00e7\u00e3o de base tecnol\u00f3gica fomentar e premiar iniciativas que deem resposta \u00e0s necessidades de transforma\u00e7\u00e3o digital e disrup\u00e7\u00e3o tecnol\u00f3gica, <\/strong>atrav\u00e9s de um programa a ser implementado em <strong>04 Fases<\/strong>, a saber:<\/p>\n<p style=\"text-align: justify;\">Fase I Mapeamento de desafios\/oportunidades;<\/p>\n<p style=\"text-align: justify;\"><strong>Phase II - Call for Solutions - Ideas Contest;<\/strong><\/p>\n<p style=\"text-align: justify;\"><strong>Phase III - Hack the Gaps - Hackathon;<\/strong><\/p>\n<p style=\"text-align: justify;\"><strong>Phase IV - Presentation of the solution (MVP) and respective Model \/ Business Plan.<\/strong><\/p>\n<p style=\"text-align: justify;\">and covering<strong> 03 thematic areas:<\/strong><\/p>\n<ul>\n<li style=\"text-align: justify;\">Accommodation and Catering;<\/li>\n<li style=\"text-align: justify;\">Travel Agencies, Tourism Guides and Taxis;<\/li>\n<li style=\"text-align: justify;\">Diversified Tourist Offers<\/li>\n<\/ul>\n<\/div><\/div>[\/vc_column][vc_column width=&#8221;1\/2&#8243;][vc_single_image image=&#8221;2128&#8243; img_size=&#8221;large&#8221;]<div  class=\"empty-space  marg-lg-b30\"><\/div><div  class=\"tt-title\"><div class=\"tt-title-cat\"><\/div><h2 class=\"c-h2\"><small>Goals<\/small><\/h2><\/div><div  class=\"empty-space  marg-lg-b30\"><\/div><div class=\"text-block\" ><div class=\"simple-text size-3\"><ul>\n<li style=\"list-style-type: none;\">\n<ol>\n<li style=\"text-align: justify;\">Promote and streamline the <strong>necessary interaction between the market, the business community and the capacity for technological innovation<\/strong> since, the solutions to be presented have to be made based on the challenges identified and available in the <strong>Opportunities Directory<\/strong><\/li>\n<\/ol>\n<\/li>\n<li style=\"list-style-type: none; text-align: justify;\">\n<ol start=\"2\">\n<li>Ensure assertiveness in <strong>mapping opportunities<\/strong> as well as bringing the capacity for innovation closer to the real needs of the market and the national business fabric;<\/li>\n<\/ol>\n<\/li>\n<li style=\"list-style-type: none; text-align: justify;\">\n<ol start=\"3\">\n<li>Encourage, evaluate and reward <strong>Projects \/ Innovative digital solutions<\/strong> and that present <strong>financially viable business plans<\/strong>;<\/li>\n<\/ol>\n<\/li>\n<li style=\"list-style-type: none; text-align: justify;\">\n<ol start=\"4\">\n<li>Encourage research, technological experiences, innovation and <strong>digital entrepreneurship;<\/strong><\/li>\n<\/ol>\n<\/li>\n<li style=\"list-style-type: none; text-align: justify;\">\n<ol start=\"5\">\n<li>Promote and encourage the search and sharing of knowledge with a view to <strong>boost the digital economy<\/strong> with solutions that match the real needs of the market;<\/li>\n<\/ol>\n<\/li>\n<li style=\"list-style-type: none; text-align: justify;\">\n<ol start=\"6\">\n<li>Promote and stimulate <strong>qualified digital entrepreneurship<\/strong>;<\/li>\n<\/ol>\n<\/li>\n<\/ul>\n<p style=\"text-align: left;\">Support in the realization of<strong> ideas with potential for success<\/strong>.<\/p>\n<\/div><\/div><div  class=\"empty-space  marg-lg-b30\"><\/div>[\/vc_column][vc_column][\/vc_column][\/vc_row]<\/p>","protected":false},"excerpt":{"rendered":"<p>[vc_row][vc_column width=&#8221;1\/2&#8243;][vc_single_image image=&#8221;2125&#8243; img_size=&#8221;large&#8221; style=&#8221;vc_box_shadow&#8221;][\/vc_column][vc_column width=&#8221;1\/2&#8243;][vc_single_image image=&#8221;2128&#8243; img_size=&#8221;large&#8221;][\/vc_column][vc_column][\/vc_column][\/vc_row]<\/p>","protected":false},"author":1,"featured_media":0,"parent":0,"menu_order":0,"comment_status":"closed","ping_status":"closed","template":"","meta":{"_cloudinary_featured_overwrite":false},"_links":{"self":[{"href":"http:\/\/reinventa.digital.cv\/site\/wordpress\/en\/wp-json\/wp\/v2\/pages\/2314"}],"collection":[{"href":"http:\/\/reinventa.digital.cv\/site\/wordpress\/en\/wp-json\/wp\/v2\/pages"}],"about":[{"href":"http:\/\/reinventa.digital.cv\/site\/wordpress\/en\/wp-json\/wp\/v2\/types\/page"}],"author":[{"embeddable":true,"href":"http:\/\/reinventa.digital.cv\/site\/wordpress\/en\/wp-json\/wp\/v2\/users\/1"}],"replies":[{"embeddable":true,"href":"http:\/\/reinventa.digital.cv\/site\/wordpress\/en\/wp-json\/wp\/v2\/comments?post=2314"}],"version-history":[{"count":30,"href":"http:\/\/reinventa.digital.cv\/site\/wordpress\/en\/wp-json\/wp\/v2\/pages\/2314\/revisions"}],"predecessor-version":[{"id":2662,"href":"http:\/\/reinventa.digital.cv\/site\/wordpress\/en\/wp-json\/wp\/v2\/pages\/2314\/revisions\/2662"}],"wp:attachment":[{"href":"http:\/\/reinventa.digital.cv\/site\/wordpress\/en\/wp-json\/wp\/v2\/media?parent=2314"}],"curies":[{"name":"wp","href":"https:\/\/api.w.org\/{rel}","templated":true}]}}